{"id":356,"date":"2023-02-22T16:36:24","date_gmt":"2023-02-22T13:36:24","guid":{"rendered":"https:\/\/dehaus.lv\/ru\/?page_id=356"},"modified":"2023-02-22T16:36:59","modified_gmt":"2023-02-22T13:36:59","slug":"36-ballerina","status":"publish","type":"page","link":"https:\/\/dehaus.lv\/lv\/ra-ot-ji\/36-ballerina\/","title":{"rendered":"V\u0101cu fabrika Ballerina-Kuchen"},"content":{"rendered":"[vc_row el_id=&#8221;block_sidebar&#8221;][vc_column width=&#8221;1\/3&#8243; el_class=&#8221;bd-blockheader&#8221;]<h4 class=\"vcex-heading vcex-module wpex-text-2xl wpex-font-normal wpex-m-auto wpex-max-w-100 vcex-heading-plain wpex-block\"><span class=\"vcex-heading-inner wpex-inline-block wpex-clr\">Katalogs<\/span><\/h4><nav class=\"vcex-navbar vcex-module\"><div class=\"vcex-navbar-inner wpex-clr wpex-last-mr-0\"><a href=\"https:\/\/dehaus.lv\/lv\/virtuves-telpa\/\" class=\"vcex-navbar-link vcex-navbar-link--414 wpex-block wpex-float-left wpex-mr-5 wpex-mb-5 theme-button minimal-border\"><span class=\"vcex-navbar-link-text\">VIRTUVES<\/span><\/a><a href=\"https:\/\/dehaus.lv\/lv\/edamsitaba\/\" class=\"vcex-navbar-link vcex-navbar-link--662 wpex-block wpex-float-left wpex-mr-5 wpex-mb-5 theme-button minimal-border\"><span class=\"vcex-navbar-link-text\">GALDI UN KR\u0112SLI<\/span><\/a><a href=\"https:\/\/dehaus.lv\/lv\/viesistaba\/\" class=\"vcex-navbar-link vcex-navbar-link--619 wpex-block wpex-float-left wpex-mr-5 wpex-mb-5 theme-button minimal-border\"><span class=\"vcex-navbar-link-text\">VIESISTABA<\/span><\/a><a href=\"https:\/\/dehaus.lv\/lv\/majas-mebeles\/\" class=\"vcex-navbar-link vcex-navbar-link--1179 wpex-block wpex-float-left wpex-mr-5 wpex-mb-5 theme-button minimal-border\"><span class=\"vcex-navbar-link-text\">M\u0112BELES<\/span><\/a><a href=\"https:\/\/dehaus.lv\/lv\/aksesuari\/\" class=\"vcex-navbar-link vcex-navbar-link--1244 wpex-block wpex-float-left wpex-mr-5 wpex-mb-5 theme-button minimal-border\"><span class=\"vcex-navbar-link-text\">AKSESU\u0100RI<\/span><\/a><\/div><\/nav>[\/vc_column][vc_column width=&#8221;2\/3&#8243;]<h2 class=\"vcex-heading vcex-module wpex-text-2xl wpex-font-normal wpex-m-auto wpex-max-w-100 vcex-heading-plain wpex-block\"><span class=\"vcex-heading-inner wpex-inline-block wpex-clr\">De Haus p\u0101rst\u0101v m\u0113be\u013cu komp\u0101nijas no V\u0101cijas<\/span><\/h2><div class=\"vcex-spacing wpex-w-100 wpex-clear\" style=\"height:10px;\"><\/div>[vc_column_text]V\u0101cu fabrika \u201eBallerina-Kuchen&#8221; dibin\u0101ta 1978. gad\u0101. Uz\u0146\u0113mums ir specializ\u0113ts augstas kvalit\u0101tes virtuves m\u0113be\u013cu ra\u017eo\u0161an\u0101. Virtuvju m\u0113be\u013cu ra\u017eo\u0161ana atrodas Buende\/Vestf\u0101len\u0113. R\u016bpn\u012bca ikgadu sara\u017eo ap 25 000 individu\u0101li izstr\u0101d\u0101tas, augstas kvalit\u0101tes virtuves, ar atz\u012bmi \u2013 \u201ev\u0101cu kvalit\u0101te&#8221;.<\/p>\n<p>Eksports sast\u0101da 52% no kop\u0113j\u0101s sara\u017eot\u0101s produkcijas, vair\u0101k nek\u0101 27 valst\u012bs. P\u0113d\u0113jo 5 gadu laik\u0101 uz\u0146\u0113muma apgroz\u012bjums palielin\u0101jies par vair\u0101k nek\u0101 30%. Uz\u0146\u0113mumu sast\u0101da 250 darbinieki, darbinieku rot\u0101cija ir minim\u0101la. Uz\u0146\u0113muma r\u016bpn\u012bca ir apr\u012bkota ar modernu tehniku un ra\u017eo\u0161anas plat\u012bbu 30 000 kv.m.<\/p>\n<p>\u201eBallerina-Kuchen&#8221; nosaka konkur\u0113tsp\u0113j\u012bgas tendences tirg\u016b, pied\u0101v\u0101jot inovat\u012bvu produkciju. Produktu p\u0101rdo\u0161ana tiek veikta vis\u0101 pasaul\u0113, produktu kl\u0101sts sev\u012b ietver vair\u0101k nek\u0101 450 mode\u013cus, pateicoties tam, ir iesp\u0113jams apmierin\u0101t vispras\u012bg\u0101k\u0101s klienta v\u0113lmes. Par pamatu fas\u0101d\u0113m tiek izmantots finieris (ozola, riekstkoka), mas\u012bvkoks, MDF, stikls un melam\u012bns. 2006. gad\u0101 segment\u0101 \u201eVirtuves m\u0113beles&#8221; komp\u0101nija \u201eBallerina-Kuchen&#8221; ieguva pirmo vietu ar produkciju \u201eVirtuves bez rokturiem&#8221; un pirmo reizi m\u0113be\u013cu ra\u017eo\u0161anas tirg\u016b iepaz\u012bstin\u0101ja ar bezrokturu m\u0113be\u013cu sist\u0113m\u0101m. 2012. gad\u0101 \u201eBallerina-Kuchen&#8221; sa\u0146\u0113ma apbalojumu \u201eInov\u0101cija 2012&#8243; par izgudrojumu, videi draudz\u012bgu materi\u0101lu m\u0113be\u013cu fas\u0101\u017eu ra\u017eo\u0161an\u0101. 2013. gad\u0101 pie\u0161\u0137irta balva \u201eUnik\u0101ls korpuss&#8221;, ta\u010du 2014. gad\u0101 &#8211; balva par digit\u0101l\u0101s drukas izmanto\u0161anu m\u0113be\u013cu ra\u017eo\u0161an\u0101.<\/p>\n<p>Atkar\u012bb\u0101 no apdares materi\u0101liem, komp\u0101nija \u201eBallerina-Kuchen&#8221; pied\u0101v\u0101 7 cenu kategorijas, kas sniedz saviem klientiem iesp\u0113ju ieg\u0101d\u0101ties ekonomisk\u0101s klases virtuvi, gan premium klases virtuvi.<\/p>\n<p>\u201eBallerina-Kuchen&#8221; sniedz lielisku iesp\u0113ju izv\u0113l\u0113ties no 24 variantiem korpusa dekoriem bez papildus maksas. Neap\u0161aub\u0101ma priek\u0161roc\u012bba \u2013 katras m\u0113beles aizmugur\u0113j\u0101 siena izgatavota no 8 mm skaidu pl\u0101ksnes, korpuss \u2013 16 mm, plaukti 19 mm, kas sniedz liel\u0101ku stabilit\u0101ti un notur\u012bbu. Izmantojama top-furnit\u016bra no BLUM un Grass. Kop\u0161 2014. gada \u016bdensiztur\u012bgas poliuret\u0101na malas.<\/p>\n<p>\u201eBallerina-Kuchen&#8221; \u012bpa\u0161ibas ir t\u0101das, k\u0101 sienas pane\u013cu izpild\u012bjums ir ar korunda p\u0101rkl\u0101jumu, koka fas\u0101des kr\u0101so\u0161anas iesp\u0113jas da\u017e\u0101d\u0101s kr\u0101s\u0101s p\u0113c RAL kataloga, k\u0101 ar\u012b tiek pied\u0101v\u0101ts \u012bpa\u0161s p\u0101rkl\u0101jums Resopal (termolamin\u0101ts).<\/p>\n<p>Neap\u0161aub\u0101mi, \u201eBallerina-Kuchen&#8221; ir m\u016bsu uz\u0146\u0113muma favor\u012bts. Ar \u0161\u012bm virtuv\u0113m varam pan\u0101kt unik\u0101lu dizainu, stilu, est\u0113tiku un funkcionalit\u0101ti, k\u0101 ar\u012b rad\u012bt prieku ikvienam. Aicin\u0101ti ar\u012b apmekl\u0113t ra\u017eot\u0101ja m\u0101jas lapu.<\/p>\n<p><a class=\"sd-button\" href=\"http:\/\/www.ballerina.de\/\" target=\"_blank\" rel=\"noopener noreferrer\">www.ballerina.de<\/a>[\/vc_column_text][\/vc_column][\/vc_row][vc_row][vc_column]<div class=\"templatera_shortcode\"><style type=\"text\/css\" data-type=\"vc_shortcodes-custom-css\">.vc_custom_1677681489401{padding-top: 80px !important;padding-bottom: 80px !important;}.vc_custom_1676822849361{padding-top: 50px !important;}.vc_custom_1676823490676{padding-top: 50px !important;background-image: url(https:\/\/dehaus.lv\/wp-content\/uploads\/2023\/02\/d08f4579b936eea327111d233f9ef50c_sunrise.jpg?id=82) !important;background-position: center !important;background-repeat: no-repeat !important;background-size: cover !important;}.vc_custom_1678370577640{padding-top: 20px !important;background-color: #2f7f7f !important;}.vc_custom_1677329402201{padding-top: 60px !important;}<\/style>[vc_row full_width=\"stretch_row\" el_id=\"features\" el_class=\"bd-section-13 bd-tagstyles\"][vc_column el_class=\"bd-block-16 bd-own-margins\"]<h4 class=\"vcex-heading vcex-module wpex-text-2xl wpex-font-normal wpex-m-auto wpex-max-w-100 vcex-heading-plain wpex-block wpex-text-center\" style=\"color:#ffffff;font-weight:600;\"><span class=\"vcex-heading-inner wpex-inline-block wpex-clr\">M\u016bsu \u012bpa\u0161\u012bbas<\/span><\/h4><div class=\"vcex-spacing wpex-w-100 wpex-clear\" style=\"height:10px;\"><\/div>[vc_column_text]\r\n<p style=\"text-align: center;\"><span style=\"font-size: 16px; color: #ffffff;\">Virtuves m\u0113be\u013cu liela izv\u0113le \u2013 da\u017e\u0101di stili, bag\u0101ta kr\u0101su palete un daudz apdares risin\u0101jumu ar pievilc\u012bgu cena-kvalit\u0101te attiec\u012bbu.<\/span><\/p>\r\n<p style=\"text-align: center;\"><span style=\"font-size: 16px; color: #ffffff;\">Pla\u0161a izv\u0113le liet\u0101m, kuras cie\u0161i saist\u012btas ar virtuvi: galda virsmas, sienu pane\u013ci, sadz\u012bves tehnika un eiropas modes virtuves aksesu\u0101ri.<\/span><\/p>\r\n<p style=\"text-align: center;\"><span style=\"font-size: 16px; color: #ffffff;\">Augstas kvalit\u0101tes un partneru ra\u017eot\u0101ju sortimenta pras\u012bbas.<\/span><\/p>\r\n[\/vc_column_text][\/vc_column][\/vc_row][vc_row el_id=\"4col-section\"][vc_column][vc_row_inner css=\".vc_custom_1677329402201{padding-top: 60px !important;}\" el_id=\"banneru\"][vc_column_inner width=\"1\/2\"][vc_column_text]<img loading=\"lazy\" decoding=\"async\" class=\"alignnone size-full wp-image-1416\" src=\"https:\/\/dehaus.lv\/wp-content\/uploads\/2023\/03\/6.png\" alt=\"\" width=\"2000\" height=\"1414\" srcset=\"https:\/\/dehaus.lv\/wp-content\/uploads\/2023\/03\/6.png 2000w, https:\/\/dehaus.lv\/wp-content\/uploads\/2023\/03\/6-300x212.png 300w, https:\/\/dehaus.lv\/wp-content\/uploads\/2023\/03\/6-1024x724.png 1024w, https:\/\/dehaus.lv\/wp-content\/uploads\/2023\/03\/6-768x543.png 768w, https:\/\/dehaus.lv\/wp-content\/uploads\/2023\/03\/6-1536x1086.png 1536w\" sizes=\"auto, (max-width: 2000px) 100vw, 2000px\" \/>[\/vc_column_text][\/vc_column_inner][vc_column_inner width=\"1\/2\"][vc_column_text]<img loading=\"lazy\" decoding=\"async\" class=\"alignnone size-full wp-image-1413\" src=\"https:\/\/dehaus.lv\/wp-content\/uploads\/2023\/03\/2.png\" alt=\"\" width=\"2000\" height=\"1414\" srcset=\"https:\/\/dehaus.lv\/wp-content\/uploads\/2023\/03\/2.png 2000w, https:\/\/dehaus.lv\/wp-content\/uploads\/2023\/03\/2-300x212.png 300w, https:\/\/dehaus.lv\/wp-content\/uploads\/2023\/03\/2-1024x724.png 1024w, https:\/\/dehaus.lv\/wp-content\/uploads\/2023\/03\/2-768x543.png 768w, https:\/\/dehaus.lv\/wp-content\/uploads\/2023\/03\/2-1536x1086.png 1536w\" sizes=\"auto, (max-width: 2000px) 100vw, 2000px\" \/>[\/vc_column_text][\/vc_column_inner][\/vc_row_inner][\/vc_column][\/vc_row][vc_row full_width=\"stretch_row\" parallax=\"vcex_parallax\" parallax_image=\"111\" wpex_bg_overlay=\"dotted\" wpex_bg_overlay_color=\"#000000\" css=\".vc_custom_1677681489401{padding-top: 80px !important;padding-bottom: 80px !important;}\" wpex_bg_overlay_opacity=\"0.6\" parallax_speed=\"0.4\" el_id=\"furniture\"][vc_column width=\"2\/3\"][\/vc_column][vc_column width=\"1\/3\"]<h4 class=\"vcex-heading vcex-module wpex-text-2xl wpex-font-normal wpex-m-auto wpex-max-w-100 vcex-heading-plain wpex-block wpex-text-right\" style=\"color:#ffffff;font-weight:700;\"><span class=\"vcex-heading-inner wpex-inline-block wpex-clr\">M\u0112BELES NO V\u0100CIJAS<\/span><\/h4><div class=\"vcex-spacing wpex-w-100 wpex-clear\" style=\"height:30px;\"><\/div><div class=\"vcex-list_item vcex-module wpex-m-0 wpex-max-w-100 wpex-clr wpex-mb-5 textright wpex-text-right\" style=\"color:#ffffff;\"><div class=\"vcex-list-item-inner wpex-inline-flex wpex-flex-no-wrap\"><div class=\"vcex-list-item-icon wpex-mr-10\"><div class=\"vcex-icon-wrap wpex-inline-flex wpex-justify-center wpex-items-center\" style=\"color:#ffffff;\"><span class=\"ticon ticon-check\" aria-hidden=\"true\"><\/span><\/div><\/div><div class=\"vcex-list-item-text vcex-content wpex-flex-grow\">3D dizains virtuves projektam un tul\u012bt\u0113ja t\u0101me \u2013 ra\u017eot\u0101ja cena<\/div><\/div><\/div><div class=\"vcex-spacing wpex-w-100 wpex-clear\" style=\"height:15px;\"><\/div><div class=\"vcex-list_item vcex-module wpex-m-0 wpex-max-w-100 wpex-clr wpex-mb-5 textright wpex-text-right\" style=\"color:#ffffff;\"><div class=\"vcex-list-item-inner wpex-inline-flex wpex-flex-no-wrap\"><div class=\"vcex-list-item-icon wpex-mr-10\"><div class=\"vcex-icon-wrap wpex-inline-flex wpex-justify-center wpex-items-center\" style=\"color:#ffffff;\"><span class=\"ticon ticon-check\" aria-hidden=\"true\"><\/span><\/div><\/div><div class=\"vcex-list-item-text vcex-content wpex-flex-grow\">Profesion\u0101lie dizaineri \u2013 konsultanti zin visas p\u0113d\u0113j\u0101s tendences<\/div><\/div><\/div><div class=\"vcex-spacing wpex-w-100 wpex-clear\" style=\"height:15px;\"><\/div><div class=\"vcex-list_item vcex-module wpex-m-0 wpex-max-w-100 wpex-clr wpex-mb-5 textright wpex-text-right\" style=\"color:#ffffff;\"><div class=\"vcex-list-item-inner wpex-inline-flex wpex-flex-no-wrap\"><div class=\"vcex-list-item-icon wpex-mr-10\"><div class=\"vcex-icon-wrap wpex-inline-flex wpex-justify-center wpex-items-center\" style=\"color:#ffffff;\"><span class=\"ticon ticon-check\" aria-hidden=\"true\"><\/span><\/div><\/div><div class=\"vcex-list-item-text vcex-content wpex-flex-grow\">Izdev\u012bgi speci\u0101lie pied\u0101v\u0101jumi<\/div><\/div><\/div>[\/vc_column][\/vc_row][vc_row css=\".vc_custom_1676822849361{padding-top: 50px !important;}\"][vc_column]<h4 class=\"vcex-heading vcex-module wpex-text-2xl wpex-font-normal wpex-m-auto wpex-max-w-100 vcex-heading-plain wpex-block wpex-text-center\"><span class=\"vcex-heading-inner wpex-inline-block wpex-clr\">M\u016aSU IESP\u0112JAS<\/span><\/h4><div class=\"vcex-spacing wpex-w-100 wpex-clear\" style=\"height:30px;\"><\/div>[vc_column_text]\r\n<p style=\"text-align: center;\">M\u0113s pied\u0101v\u0101jam ieg\u0101d\u0101ties individu\u0101li izstr\u0101d\u0101tu virtuvi tie\u0161i JUMS no V\u0101cijas un citas m\u0113beles da\u017e\u0101d\u0101s cenu kategorij\u0101s.<\/p>\r\n<p style=\"text-align: center;\">M\u0113s rupji izpild\u0101m pieg\u0101des laikus un garant\u0113jam v\u0101cu kvalit\u0101ti.<\/p>\r\n<p style=\"text-align: center;\">\u013baujiet sev augst\u0101k\u0101s klases m\u0113beles, jo J\u016bs to esat peln\u012bjis!<\/p>\r\n[\/vc_column_text]<div class=\"vcex-spacing wpex-w-100 wpex-clear\" style=\"height:30px;\"><\/div>[vc_row_inner][vc_column_inner width=\"1\/2\"][vc_column_text]<img loading=\"lazy\" decoding=\"async\" class=\"alignnone size-full wp-image-759\" src=\"https:\/\/dehaus.lv\/wp-content\/uploads\/2023\/02\/o-nas2-scaled.jpg\" alt=\"\" width=\"2560\" height=\"1706\" srcset=\"https:\/\/dehaus.lv\/wp-content\/uploads\/2023\/02\/o-nas2-scaled.jpg 2560w, https:\/\/dehaus.lv\/wp-content\/uploads\/2023\/02\/o-nas2-300x200.jpg 300w, https:\/\/dehaus.lv\/wp-content\/uploads\/2023\/02\/o-nas2-1024x683.jpg 1024w, https:\/\/dehaus.lv\/wp-content\/uploads\/2023\/02\/o-nas2-768x512.jpg 768w, https:\/\/dehaus.lv\/wp-content\/uploads\/2023\/02\/o-nas2-1536x1024.jpg 1536w, https:\/\/dehaus.lv\/wp-content\/uploads\/2023\/02\/o-nas2-2048x1365.jpg 2048w\" sizes=\"auto, (max-width: 2560px) 100vw, 2560px\" \/>[\/vc_column_text][\/vc_column_inner][vc_column_inner width=\"1\/2\"][vc_column_text]<img loading=\"lazy\" decoding=\"async\" class=\"alignnone size-full wp-image-758\" src=\"https:\/\/dehaus.lv\/wp-content\/uploads\/2023\/02\/o-nas1-scaled.jpg\" alt=\"\" width=\"2560\" height=\"1706\" srcset=\"https:\/\/dehaus.lv\/wp-content\/uploads\/2023\/02\/o-nas1-scaled.jpg 2560w, https:\/\/dehaus.lv\/wp-content\/uploads\/2023\/02\/o-nas1-300x200.jpg 300w, https:\/\/dehaus.lv\/wp-content\/uploads\/2023\/02\/o-nas1-1024x683.jpg 1024w, https:\/\/dehaus.lv\/wp-content\/uploads\/2023\/02\/o-nas1-768x512.jpg 768w, https:\/\/dehaus.lv\/wp-content\/uploads\/2023\/02\/o-nas1-1536x1024.jpg 1536w, https:\/\/dehaus.lv\/wp-content\/uploads\/2023\/02\/o-nas1-2048x1365.jpg 2048w\" sizes=\"auto, (max-width: 2560px) 100vw, 2560px\" \/>[\/vc_column_text][\/vc_column_inner][\/vc_row_inner][\/vc_column][\/vc_row][vc_row full_width=\"stretch_row\" wpex_bg_overlay=\"dark\" css=\".vc_custom_1676823490676{padding-top: 50px !important;background-image: url(https:\/\/dehaus.lv\/wp-content\/uploads\/2023\/02\/d08f4579b936eea327111d233f9ef50c_sunrise.jpg?id=82) !important;background-position: center !important;background-repeat: no-repeat !important;background-size: cover !important;}\" wpex_bg_overlay_color=\"#0a0a0a\" wpex_bg_overlay_opacity=\"0.6\"][vc_column]<h4 class=\"vcex-heading vcex-module wpex-text-2xl wpex-font-normal wpex-m-auto wpex-max-w-100 vcex-heading-plain wpex-block wpex-text-center\" style=\"color:#ffffff;\"><span class=\"vcex-heading-inner wpex-inline-block wpex-clr\">DIENAS CIT\u0100TS<\/span><\/h4><div class=\"vcex-spacing wpex-w-100 wpex-clear\" style=\"height:20px;\"><\/div>[vc_column_text]\r\n<p style=\"text-align: center;\"><span style=\"color: #ffffff;\">Esmu optimists, jo ticu ide\u0101lu sp\u0113jai vairoties un att\u012bst\u012bties.<\/span><\/p>\r\n[\/vc_column_text][\/vc_column][\/vc_row][vc_row full_width=\"stretch_row\" css=\".vc_custom_1678370577640{padding-top: 20px !important;background-color: #2f7f7f !important;}\"][vc_column]<h4 class=\"vcex-heading vcex-module wpex-text-2xl wpex-font-normal wpex-m-auto wpex-max-w-100 vcex-heading-plain wpex-block wpex-text-center\" style=\"color:#ffffff;\"><span class=\"vcex-heading-inner wpex-inline-block wpex-clr\">K\u0101p\u0113c De HAUS?<\/span><\/h4><div class=\"vcex-spacing wpex-w-100 wpex-clear\" style=\"height:20px;\"><\/div>[vc_column_text]\r\n<p style=\"text-align: center;\"><span style=\"color: #ffffff;\">T\u0101p\u0113c, ka m\u0113s rad\u0101m idejas, kuras \u012bstenojam dz\u012bv\u0113! Veidojot projektus, m\u0113s zin\u0101m, ka ielai\u017eot siltumu J\u016bsu telp\u0101, rad\u012bsies sirsn\u012bga, gai\u0161a un m\u0101j\u012bga atmosf\u0113ra!<\/span><\/p>\r\n[\/vc_column_text][\/vc_column][\/vc_row]<\/div>[\/vc_column][\/vc_row]\n","protected":false},"excerpt":{"rendered":"<p>[vc_row el_id=&#8221;block_sidebar&#8221;][vc_column width=&#8221;1\/3&#8243; el_class=&#8221;bd-blockheader&#8221;][\/vc_column][vc_column width=&#8221;2\/3&#8243;][vc_column_text]V\u0101cu fabrika \u201eBallerina-Kuchen&#8221; dibin\u0101ta 1978. gad\u0101. Uz\u0146\u0113mums ir specializ\u0113ts augstas kvalit\u0101tes virtuves m\u0113be\u013cu ra\u017eo\u0161an\u0101. Virtuvju m\u0113be\u013cu ra\u017eo\u0161ana atrodas Buende\/Vestf\u0101len\u0113. R\u016bpn\u012bca ikgadu sara\u017eo ap 25 000 individu\u0101li izstr\u0101d\u0101tas, augstas kvalit\u0101tes virtuves, ar atz\u012bmi \u2013 \u201ev\u0101cu kvalit\u0101te&#8221;. Eksports sast\u0101da 52% no kop\u0113j\u0101s sara\u017eot\u0101s produkcijas, vair\u0101k nek\u0101 27 valst\u012bs. P\u0113d\u0113jo 5 gadu laik\u0101 uz\u0146\u0113muma&hellip;<\/p>\n","protected":false},"author":1,"featured_media":294,"parent":350,"menu_order":0,"comment_status":"closed","ping_status":"closed","template":"","meta":{"om_disable_all_campaigns":false,"_mi_skip_tracking":false,"footnotes":""},"class_list":["post-356","page","type-page","status-publish","has-post-thumbnail","hentry","entry","has-media"],"aioseo_notices":[],"yoast_head":"<!-- This site is optimized with the Yoast SEO plugin v20.4 - https:\/\/yoast.com\/wordpress\/plugins\/seo\/ -->\n<title>V\u0101cu fabrika Ballerina-Kuchen - S\u0101kums - Salons De Haus - m\u0113beles no V\u0101cijas<\/title>\n<meta name=\"robots\" content=\"index, follow, max-snippet:-1, max-image-preview:large, max-video-preview:-1\" \/>\n<link rel=\"canonical\" href=\"https:\/\/dehaus.lv\/lv\/ra-ot-ji\/36-ballerina\/\" \/>\n<meta property=\"og:locale\" content=\"en_US\" \/>\n<meta property=\"og:type\" content=\"article\" \/>\n<meta property=\"og:title\" content=\"V\u0101cu fabrika Ballerina-Kuchen\" \/>\n<meta property=\"og:description\" content=\"[vc_row el_id=&#8221;block_sidebar&#8221;][vc_column width=&#8221;1\/3&#8243; el_class=&#8221;bd-blockheader&#8221;][\/vc_column][vc_column width=&#8221;2\/3&#8243;][vc_column_text]V\u0101cu fabrika \u201eBallerina-Kuchen&#8221; dibin\u0101ta 1978. gad\u0101. Uz\u0146\u0113mums ir specializ\u0113ts augstas kvalit\u0101tes virtuves m\u0113be\u013cu ra\u017eo\u0161an\u0101. Virtuvju m\u0113be\u013cu ra\u017eo\u0161ana atrodas Buende\/Vestf\u0101len\u0113. R\u016bpn\u012bca ikgadu sara\u017eo ap 25 000 individu\u0101li izstr\u0101d\u0101tas, augstas kvalit\u0101tes virtuves, ar atz\u012bmi \u2013 \u201ev\u0101cu kvalit\u0101te&#8221;. Eksports sast\u0101da 52% no kop\u0113j\u0101s sara\u017eot\u0101s produkcijas, vair\u0101k nek\u0101 27 valst\u012bs. P\u0113d\u0113jo 5 gadu laik\u0101 uz\u0146\u0113muma&hellip;\" \/>\n<meta property=\"og:url\" content=\"https:\/\/dehaus.lv\/lv\/ra-ot-ji\/36-ballerina\/\" \/>\n<meta property=\"og:site_name\" content=\"S\u0101kums - Salons De Haus - m\u0113beles no V\u0101cijas\" \/>\n<meta property=\"article:modified_time\" content=\"2023-02-22T13:36:59+00:00\" \/>\n<meta property=\"og:image\" content=\"https:\/\/dehaus.lv\/wp-content\/uploads\/2023\/02\/ballerina.png\" \/>\n\t<meta property=\"og:image:width\" content=\"315\" \/>\n\t<meta property=\"og:image:height\" content=\"110\" \/>\n\t<meta property=\"og:image:type\" content=\"image\/png\" \/>\n<meta name=\"twitter:card\" content=\"summary_large_image\" \/>\n<meta name=\"twitter:label1\" content=\"Est. reading time\" \/>\n\t<meta name=\"twitter:data1\" content=\"2 min\u016btes\" \/>\n<script type=\"application\/ld+json\" class=\"yoast-schema-graph\">{\"@context\":\"https:\/\/schema.org\",\"@graph\":[{\"@type\":\"WebPage\",\"@id\":\"https:\/\/dehaus.lv\/lv\/ra-ot-ji\/36-ballerina\/\",\"url\":\"https:\/\/dehaus.lv\/lv\/ra-ot-ji\/36-ballerina\/\",\"name\":\"[:ru]Ballerina-Kuchen[:lv]V\u0101cu fabrika Ballerina-Kuchen[:] - S\u0101kums - Salons De Haus - m\u0113beles no V\u0101cijas\",\"isPartOf\":{\"@id\":\"\/#website\"},\"datePublished\":\"2023-02-22T13:36:24+00:00\",\"dateModified\":\"2023-02-22T13:36:59+00:00\",\"breadcrumb\":{\"@id\":\"https:\/\/dehaus.lv\/lv\/ra-ot-ji\/36-ballerina\/#breadcrumb\"},\"inLanguage\":\"lv\",\"potentialAction\":[{\"@type\":\"ReadAction\",\"target\":[\"https:\/\/dehaus.lv\/lv\/ra-ot-ji\/36-ballerina\/\"]}]},{\"@type\":\"BreadcrumbList\",\"@id\":\"https:\/\/dehaus.lv\/lv\/ra-ot-ji\/36-ballerina\/#breadcrumb\",\"itemListElement\":[{\"@type\":\"ListItem\",\"position\":1,\"name\":\"De Haus p\u0101rst\u0101v m\u0113be\u013cu komp\u0101nijas no V\u0101cijas\",\"item\":\"https:\/\/dehaus.lv\/lv\/ra-ot-ji\/\"},{\"@type\":\"ListItem\",\"position\":2,\"name\":\"V\u0101cu fabrika Ballerina-Kuchen\"}]},{\"@type\":\"WebSite\",\"@id\":\"\/#website\",\"url\":\"\/\",\"name\":\"S\u0101kums - Salons De Haus - m\u0113beles no V\u0101cijas\",\"description\":\"\",\"publisher\":{\"@id\":\"\/#organization\"},\"potentialAction\":[{\"@type\":\"SearchAction\",\"target\":{\"@type\":\"EntryPoint\",\"urlTemplate\":\"\/?s={search_term_string}\"},\"query-input\":\"required name=search_term_string\"}],\"inLanguage\":\"lv\"},{\"@type\":\"Organization\",\"@id\":\"\/#organization\",\"name\":\"S\u0101kums - Salons De Haus - m\u0113beles no V\u0101cijas\",\"url\":\"\/\",\"logo\":{\"@type\":\"ImageObject\",\"inLanguage\":\"lv\",\"@id\":\"\/#\/schema\/logo\/image\/\",\"url\":\"https:\/\/dehaus.lv\/wp-content\/uploads\/2023\/02\/ac49161606f5b37f967a94db7303fd4e_dehauslogo.png\",\"contentUrl\":\"https:\/\/dehaus.lv\/wp-content\/uploads\/2023\/02\/ac49161606f5b37f967a94db7303fd4e_dehauslogo.png\",\"width\":270,\"height\":108,\"caption\":\"S\u0101kums - Salons De Haus - m\u0113beles no V\u0101cijas\"},\"image\":{\"@id\":\"\/#\/schema\/logo\/image\/\"}}]}<\/script>\n<!-- \/ Yoast SEO plugin. -->","yoast_head_json":{"title":"V\u0101cu fabrika Ballerina-Kuchen - S\u0101kums - Salons De Haus - m\u0113beles no V\u0101cijas","robots":{"index":"index","follow":"follow","max-snippet":"max-snippet:-1","max-image-preview":"max-image-preview:large","max-video-preview":"max-video-preview:-1"},"canonical":"https:\/\/dehaus.lv\/lv\/ra-ot-ji\/36-ballerina\/","og_locale":"en_US","og_type":"article","og_title":"[:ru]Ballerina-Kuchen[:lv]V\u0101cu fabrika Ballerina-Kuchen[:] - S\u0101kums - Salons De Haus - m\u0113beles no V\u0101cijas","og_description":"[vc_row el_id=&#8221;block_sidebar&#8221;][vc_column width=&#8221;1\/3&#8243; el_class=&#8221;bd-blockheader&#8221;][\/vc_column][vc_column width=&#8221;2\/3&#8243;][vc_column_text]V\u0101cu fabrika \u201eBallerina-Kuchen&#8221; dibin\u0101ta 1978. gad\u0101. Uz\u0146\u0113mums ir specializ\u0113ts augstas kvalit\u0101tes virtuves m\u0113be\u013cu ra\u017eo\u0161an\u0101. Virtuvju m\u0113be\u013cu ra\u017eo\u0161ana atrodas Buende\/Vestf\u0101len\u0113. R\u016bpn\u012bca ikgadu sara\u017eo ap 25 000 individu\u0101li izstr\u0101d\u0101tas, augstas kvalit\u0101tes virtuves, ar atz\u012bmi \u2013 \u201ev\u0101cu kvalit\u0101te&#8221;. Eksports sast\u0101da 52% no kop\u0113j\u0101s sara\u017eot\u0101s produkcijas, vair\u0101k nek\u0101 27 valst\u012bs. P\u0113d\u0113jo 5 gadu laik\u0101 uz\u0146\u0113muma&hellip;","og_url":"https:\/\/dehaus.lv\/lv\/ra-ot-ji\/36-ballerina\/","og_site_name":"S\u0101kums - Salons De Haus - m\u0113beles no V\u0101cijas","article_modified_time":"2023-02-22T13:36:59+00:00","og_image":[{"width":315,"height":110,"url":"https:\/\/dehaus.lv\/wp-content\/uploads\/2023\/02\/ballerina.png","type":"image\/png"}],"twitter_card":"summary_large_image","twitter_misc":{"Est. reading time":"2 min\u016btes"},"schema":{"@context":"https:\/\/schema.org","@graph":[{"@type":"WebPage","@id":"https:\/\/dehaus.lv\/lv\/ra-ot-ji\/36-ballerina\/","url":"https:\/\/dehaus.lv\/lv\/ra-ot-ji\/36-ballerina\/","name":"[:ru]Ballerina-Kuchen[:lv]V\u0101cu fabrika Ballerina-Kuchen[:] - S\u0101kums - Salons De Haus - m\u0113beles no V\u0101cijas","isPartOf":{"@id":"\/#website"},"datePublished":"2023-02-22T13:36:24+00:00","dateModified":"2023-02-22T13:36:59+00:00","breadcrumb":{"@id":"https:\/\/dehaus.lv\/lv\/ra-ot-ji\/36-ballerina\/#breadcrumb"},"inLanguage":"lv","potentialAction":[{"@type":"ReadAction","target":["https:\/\/dehaus.lv\/lv\/ra-ot-ji\/36-ballerina\/"]}]},{"@type":"BreadcrumbList","@id":"https:\/\/dehaus.lv\/lv\/ra-ot-ji\/36-ballerina\/#breadcrumb","itemListElement":[{"@type":"ListItem","position":1,"name":"De Haus p\u0101rst\u0101v m\u0113be\u013cu komp\u0101nijas no V\u0101cijas","item":"https:\/\/dehaus.lv\/lv\/ra-ot-ji\/"},{"@type":"ListItem","position":2,"name":"V\u0101cu fabrika Ballerina-Kuchen"}]},{"@type":"WebSite","@id":"\/#website","url":"\/","name":"S\u0101kums - Salons De Haus - m\u0113beles no V\u0101cijas","description":"","publisher":{"@id":"\/#organization"},"potentialAction":[{"@type":"SearchAction","target":{"@type":"EntryPoint","urlTemplate":"\/?s={search_term_string}"},"query-input":"required name=search_term_string"}],"inLanguage":"lv"},{"@type":"Organization","@id":"\/#organization","name":"S\u0101kums - Salons De Haus - m\u0113beles no V\u0101cijas","url":"\/","logo":{"@type":"ImageObject","inLanguage":"lv","@id":"\/#\/schema\/logo\/image\/","url":"https:\/\/dehaus.lv\/wp-content\/uploads\/2023\/02\/ac49161606f5b37f967a94db7303fd4e_dehauslogo.png","contentUrl":"https:\/\/dehaus.lv\/wp-content\/uploads\/2023\/02\/ac49161606f5b37f967a94db7303fd4e_dehauslogo.png","width":270,"height":108,"caption":"S\u0101kums - Salons De Haus - m\u0113beles no V\u0101cijas"},"image":{"@id":"\/#\/schema\/logo\/image\/"}}]}},"_links":{"self":[{"href":"https:\/\/dehaus.lv\/lv\/wp-json\/wp\/v2\/pages\/356","targetHints":{"allow":["GET"]}}],"collection":[{"href":"https:\/\/dehaus.lv\/lv\/wp-json\/wp\/v2\/pages"}],"about":[{"href":"https:\/\/dehaus.lv\/lv\/wp-json\/wp\/v2\/types\/page"}],"author":[{"embeddable":true,"href":"https:\/\/dehaus.lv\/lv\/wp-json\/wp\/v2\/users\/1"}],"replies":[{"embeddable":true,"href":"https:\/\/dehaus.lv\/lv\/wp-json\/wp\/v2\/comments?post=356"}],"version-history":[{"count":2,"href":"https:\/\/dehaus.lv\/lv\/wp-json\/wp\/v2\/pages\/356\/revisions"}],"predecessor-version":[{"id":358,"href":"https:\/\/dehaus.lv\/lv\/wp-json\/wp\/v2\/pages\/356\/revisions\/358"}],"up":[{"embeddable":true,"href":"https:\/\/dehaus.lv\/lv\/wp-json\/wp\/v2\/pages\/350"}],"wp:featuredmedia":[{"embeddable":true,"href":"https:\/\/dehaus.lv\/lv\/wp-json\/wp\/v2\/media\/294"}],"wp:attachment":[{"href":"https:\/\/dehaus.lv\/lv\/wp-json\/wp\/v2\/media?parent=356"}],"curies":[{"name":"wp","href":"https:\/\/api.w.org\/{rel}","templated":true}]}}